{"id":20,"date":"2024-12-04T22:03:46","date_gmt":"2024-12-04T22:03:46","guid":{"rendered":"https:\/\/2025.coop.ar\/?page_id=20"},"modified":"2025-02-11T18:01:58","modified_gmt":"2025-02-11T18:01:58","slug":"recursos","status":"publish","type":"page","link":"https:\/\/2025.coop.ar\/?page_id=20","title":{"rendered":"Recursos"},"content":{"rendered":"\t\t<div data-elementor-type=\"wp-page\" data-elementor-id=\"20\" class=\"elementor elementor-20\" data-elementor-post-type=\"page\">\n\t\t\t\t<div class=\"elementor-element elementor-element-4044c1c e-flex e-con-boxed e-con e-parent\" data-id=\"4044c1c\" data-element_type=\"container\" data-e-type=\"container\">\n\t\t\t\t\t<div class=\"e-con-inner\">\n\t\t\t\t<div class=\"elementor-element elementor-element-1104945 elementor-widget elementor-widget-spacer\" data-id=\"1104945\" data-element_type=\"widget\" data-e-type=\"widget\" data-widget_type=\"spacer.default\">\n\t\t\t\t<div class=\"elementor-widget-container\">\n\t\t\t\t\t\t\t<div class=\"elementor-spacer\">\n\t\t\t<div class=\"elementor-spacer-inner\"><\/div>\n\t\t<\/div>\n\t\t\t\t\t\t<\/div>\n\t\t\t\t<\/div>\n\t\t\t\t<div class=\"elementor-element elementor-element-8372e24 elementor-widget elementor-widget-heading\" data-id=\"8372e24\" data-element_type=\"widget\" data-e-type=\"widget\" data-widget_type=\"heading.default\">\n\t\t\t\t<div class=\"elementor-widget-container\">\n\t\t\t\t\t<h3 class=\"elementor-heading-title elementor-size-default\">Recursos<\/h3>\t\t\t\t<\/div>\n\t\t\t\t<\/div>\n\t\t\t\t<div class=\"elementor-element elementor-element-c432e6d elementor-widget elementor-widget-text-editor\" data-id=\"c432e6d\" data-element_type=\"widget\" data-e-type=\"widget\" data-widget_type=\"text-editor.default\">\n\t\t\t\t<div class=\"elementor-widget-container\">\n\t\t\t\t\t\t\t\t\t<p>Recursos para organizar actividades en el A\u00f1o Internacional de las Cooperativas.<\/p>\t\t\t\t\t\t\t\t<\/div>\n\t\t\t\t<\/div>\n\t\t\t\t\t<\/div>\n\t\t\t\t<\/div>\n\t\t<div class=\"elementor-element elementor-element-02f87f4 e-flex e-con-boxed e-con e-parent\" data-id=\"02f87f4\" data-element_type=\"container\" data-e-type=\"container\">\n\t\t\t\t\t<div class=\"e-con-inner\">\n\t\t\t\t<div class=\"elementor-element elementor-element-eda9fe9 elementor-widget elementor-widget-text-editor\" data-id=\"eda9fe9\" data-element_type=\"widget\" data-e-type=\"widget\" data-widget_type=\"text-editor.default\">\n\t\t\t\t<div class=\"elementor-widget-container\">\n\t\t\t\t\t\t\t\t\t<ul><li><a href=\"https:\/\/2025.coop.ar\/wp-content\/uploads\/2025\/01\/Orientaciones.pdf\" target=\"_blank\" rel=\"noopener\"><strong>Orientaciones<\/strong><\/a><\/li><\/ul>\t\t\t\t\t\t\t\t<\/div>\n\t\t\t\t<\/div>\n\t\t\t\t<div class=\"elementor-element elementor-element-cb7daa5 elementor-widget elementor-widget-text-editor\" data-id=\"cb7daa5\" data-element_type=\"widget\" data-e-type=\"widget\" data-widget_type=\"text-editor.default\">\n\t\t\t\t<div class=\"elementor-widget-container\">\n\t\t\t\t\t\t\t\t\t<p>La Agenda la construimos entre todos. No viene organizada desde arriba. Es el resultado de la iniciativa aut\u00f3noma y democr\u00e1tica de muchas personas, cooperativas y organizaciones. El siguiente es un documento que orientar\u00e1 sobre actividades e ideas para desarrollar durante el A\u00f1o Internacional. <br \/>Dirigido a cooperativas, federaciones, municipios, \u00f3rganos locales competentes, universidades, gobiernos provinciales, y todos aquellos comprometidos con una econom\u00eda democr\u00e1tica, autogestiva y solidaria.<\/p>\t\t\t\t\t\t\t\t<\/div>\n\t\t\t\t<\/div>\n\t\t\t\t<div class=\"elementor-element elementor-element-1691ecf elementor-widget elementor-widget-text-editor\" data-id=\"1691ecf\" data-element_type=\"widget\" data-e-type=\"widget\" data-widget_type=\"text-editor.default\">\n\t\t\t\t<div class=\"elementor-widget-container\">\n\t\t\t\t\t\t\t\t\t<ul><li><strong>Ciclo \u00abFrente a cada necesidad una cooperativa\u00bb<\/strong><\/li><\/ul>\t\t\t\t\t\t\t\t<\/div>\n\t\t\t\t<\/div>\n\t\t\t\t<div class=\"elementor-element elementor-element-2fb759a elementor-widget elementor-widget-text-editor\" data-id=\"2fb759a\" data-element_type=\"widget\" data-e-type=\"widget\" data-widget_type=\"text-editor.default\">\n\t\t\t\t<div class=\"elementor-widget-container\">\n\t\t\t\t\t\t\t\t\t<p>Aqui encontrar\u00e1s, a medida que vayan desarroll\u00e1ndose, los cap\u00edtulos del Ciclo \u00abFrente a cada necesidad una cooperativa\u00bb. Cada capitulo presenta, en la voz de sus protagonistas experiencias concretas de c\u00f3mo las cooperativas dan respuestas innovadoras a cada necesidad de nuestras familias y comunidades.<\/p>\t\t\t\t\t\t\t\t<\/div>\n\t\t\t\t<\/div>\n\t\t\t\t<div class=\"elementor-element elementor-element-71e61ef elementor-widget elementor-widget-text-editor\" data-id=\"71e61ef\" data-element_type=\"widget\" data-e-type=\"widget\" data-widget_type=\"text-editor.default\">\n\t\t\t\t<div class=\"elementor-widget-container\">\n\t\t\t\t\t\t\t\t\t<ul><li><strong><a href=\"https:\/\/youtu.be\/vZDmg1bDi1A\" target=\"_blank\" rel=\"noopener\">Video Lanzamiento \u00abAgenda Argentina A\u00f1o Internacional de las Cooperativas\u00bb<\/a><\/strong><\/li><\/ul>\t\t\t\t\t\t\t\t<\/div>\n\t\t\t\t<\/div>\n\t\t\t\t<div class=\"elementor-element elementor-element-124cee9 elementor-widget elementor-widget-text-editor\" data-id=\"124cee9\" data-element_type=\"widget\" data-e-type=\"widget\" data-widget_type=\"text-editor.default\">\n\t\t\t\t<div class=\"elementor-widget-container\">\n\t\t\t\t\t\t\t\t\t<ul><li><strong><a href=\"https:\/\/www.youtube.com\/playlist?list=PL44O7NT6CLXErocMi4rO48vir1pXMch13\" target=\"_blank\" rel=\"noopener\">Ciclo documental Valor Argentino. Cooperativas y Mutuales por el pa\u00eds<\/a>\u00a0<\/strong><\/li><\/ul>\t\t\t\t\t\t\t\t<\/div>\n\t\t\t\t<\/div>\n\t\t\t\t<div class=\"elementor-element elementor-element-ded42ae elementor-widget elementor-widget-text-editor\" data-id=\"ded42ae\" data-element_type=\"widget\" data-e-type=\"widget\" data-widget_type=\"text-editor.default\">\n\t\t\t\t<div class=\"elementor-widget-container\">\n\t\t\t\t\t\t\t\t\t<p>En el 2023 se editaron y difundieron diez documentales que dan cuenta de experiencias de cooperativas y mutuales de cada uno de los sectores de la econom\u00eda nacional.<\/p>\t\t\t\t\t\t\t\t<\/div>\n\t\t\t\t<\/div>\n\t\t\t\t<div class=\"elementor-element elementor-element-32cac83 elementor-widget elementor-widget-text-editor\" data-id=\"32cac83\" data-element_type=\"widget\" data-e-type=\"widget\" data-widget_type=\"text-editor.default\">\n\t\t\t\t<div class=\"elementor-widget-container\">\n\t\t\t\t\t\t\t\t\t<ul><li><strong><a href=\"https:\/\/2025.coop.ar\/wp-content\/uploads\/2024\/12\/Declaracion-Lanzamiento-Agenda-Argentina.pdf\" target=\"_blank\" rel=\"noopener\">Documento de Lanzamiento Agenda Argentina A\u00f1o Internacional de las Cooperativas<\/a><\/strong><\/li><\/ul>\t\t\t\t\t\t\t\t<\/div>\n\t\t\t\t<\/div>\n\t\t\t\t<div class=\"elementor-element elementor-element-9b6b316 elementor-widget elementor-widget-text-editor\" data-id=\"9b6b316\" data-element_type=\"widget\" data-e-type=\"widget\" data-widget_type=\"text-editor.default\">\n\t\t\t\t<div class=\"elementor-widget-container\">\n\t\t\t\t\t\t\t\t\t<ul><li><strong><a href=\"https:\/\/documents.un.org\/doc\/undoc\/gen\/n23\/420\/83\/pdf\/n2342083.pdf\" target=\"_blank\" rel=\"noopener\">Resoluci\u00f3n ONU declarando A\u00f1o Internacional de las Cooperativas<\/a><\/strong><\/li><\/ul>\t\t\t\t\t\t\t\t<\/div>\n\t\t\t\t<\/div>\n\t\t\t\t<div class=\"elementor-element elementor-element-ffe004d elementor-widget elementor-widget-text-editor\" data-id=\"ffe004d\" data-element_type=\"widget\" data-e-type=\"widget\" data-widget_type=\"text-editor.default\">\n\t\t\t\t<div class=\"elementor-widget-container\">\n\t\t\t\t\t\t\t\t\t<ul><li><strong><a href=\"https:\/\/ica.coop\/es\/node\/16732\" target=\"_blank\" rel=\"noopener\">Instructivo para logo ONU A\u00f1o Internacional de las Cooperativas<\/a><\/strong><\/li><\/ul>\t\t\t\t\t\t\t\t<\/div>\n\t\t\t\t<\/div>\n\t\t\t\t<div class=\"elementor-element elementor-element-1caff11 elementor-widget elementor-widget-text-editor\" data-id=\"1caff11\" data-element_type=\"widget\" data-e-type=\"widget\" data-widget_type=\"text-editor.default\">\n\t\t\t\t<div class=\"elementor-widget-container\">\n\t\t\t\t\t\t\t\t\t<ul><li><a href=\"https:\/\/drive.google.com\/drive\/folders\/1XK0-BUaY3_WB7DOP9PhenIa-DOjeoDhI?usp=drive_link\" target=\"_blank\" rel=\"noopener\"><b>Elementos de Identidad Visual Digital del AIC 2025<\/b><\/a><\/li><\/ul>\t\t\t\t\t\t\t\t<\/div>\n\t\t\t\t<\/div>\n\t\t\t\t<div class=\"elementor-element elementor-element-acb6392 elementor-widget elementor-widget-text-editor\" data-id=\"acb6392\" data-element_type=\"widget\" data-e-type=\"widget\" data-widget_type=\"text-editor.default\">\n\t\t\t\t<div class=\"elementor-widget-container\">\n\t\t\t\t\t\t\t\t\t<ul><li><strong><a href=\"https:\/\/2025.coop.ar\/wp-content\/uploads\/2024\/12\/Modelos-de-Adhesion-Legislativa-Ano-Internacional.pdf\" target=\"_blank\" rel=\"noopener\">Modelo Declaraci\u00f3n legislativa A\u00f1o Internacional de las Cooperativas<\/a><\/strong><\/li><\/ul>\t\t\t\t\t\t\t\t<\/div>\n\t\t\t\t<\/div>\n\t\t\t\t<div class=\"elementor-element elementor-element-54f2267 elementor-widget elementor-widget-text-editor\" data-id=\"54f2267\" data-element_type=\"widget\" data-e-type=\"widget\" data-widget_type=\"text-editor.default\">\n\t\t\t\t<div class=\"elementor-widget-container\">\n\t\t\t\t\t\t\t\t\t<ul><li><strong><a href=\"https:\/\/2025.coop.ar\/wp-content\/uploads\/2024\/12\/Listado-de-Libros-de-interes-cooperativo.pdf\" target=\"_blank\" rel=\"noopener\">Listado de libros de inter\u00e9s cooperativo para donar<\/a><\/strong><\/li><\/ul>\t\t\t\t\t\t\t\t<\/div>\n\t\t\t\t<\/div>\n\t\t\t\t<div class=\"elementor-element elementor-element-398fd6f elementor-widget elementor-widget-text-editor\" data-id=\"398fd6f\" data-element_type=\"widget\" data-e-type=\"widget\" data-widget_type=\"text-editor.default\">\n\t\t\t\t<div class=\"elementor-widget-container\">\n\t\t\t\t\t\t\t\t\t<ul><li><strong><a href=\"https:\/\/www.youtube.com\/watch?v=sc03gM2aZ5k&amp;t=4s\" target=\"_blank\" rel=\"noopener\">Spot Economia Solidaria en Argentina y el Mundo<\/a><\/strong><\/li><\/ul>\t\t\t\t\t\t\t\t<\/div>\n\t\t\t\t<\/div>\n\t\t\t\t<div class=\"elementor-element elementor-element-1742151 elementor-widget elementor-widget-text-editor\" data-id=\"1742151\" data-element_type=\"widget\" data-e-type=\"widget\" data-widget_type=\"text-editor.default\">\n\t\t\t\t<div class=\"elementor-widget-container\">\n\t\t\t\t\t\t\t\t\t<ul><li><strong><a href=\"https:\/\/2025.coop.ar\/wp-content\/uploads\/2024\/12\/Pautas-para-Accesiblidad-Actividades-Ano-Internacional-de-las-Cooperativas.pdf\" target=\"_blank\" rel=\"noopener\">Recomendaciones para la accesibilidad de las actividades A\u00f1o Internacional de las Cooperativas<\/a><\/strong><\/li><\/ul>\t\t\t\t\t\t\t\t<\/div>\n\t\t\t\t<\/div>\n\t\t\t\t<div class=\"elementor-element elementor-element-58a9cac elementor-widget elementor-widget-text-editor\" data-id=\"58a9cac\" data-element_type=\"widget\" data-e-type=\"widget\" data-widget_type=\"text-editor.default\">\n\t\t\t\t<div class=\"elementor-widget-container\">\n\t\t\t\t\t\t\t\t\t<ul><li><strong><a href=\"https:\/\/2025.coop.ar\/wp-content\/uploads\/2025\/02\/Recomendaciones-Identidad-Cooperativa-Asamblea-ACI-2024.pdf\" target=\"_blank\" rel=\"noopener\">Recomendaciones de la ACI (2024) sobre la Identidad Cooperativa<\/a><\/strong><\/li><\/ul>\t\t\t\t\t\t\t\t<\/div>\n\t\t\t\t<\/div>\n\t\t\t\t<div class=\"elementor-element elementor-element-fcef486 elementor-widget elementor-widget-text-editor\" data-id=\"fcef486\" data-element_type=\"widget\" data-e-type=\"widget\" data-widget_type=\"text-editor.default\">\n\t\t\t\t<div class=\"elementor-widget-container\">\n\t\t\t\t\t\t\t\t\t<ul><li><strong><a href=\"https:\/\/2025.coop.ar\/wp-content\/uploads\/2024\/12\/CAC-2012-Propuestas-del-cooperativismo-BDC.pdf\" target=\"_blank\" rel=\"noopener\">Propuestas del Cooperativismo. Presentadas y debatidas en el Congreso Argentino de las Cooperativas, organizado en 2012, tambi\u00e9n A\u00f1o Internacional de las Cooperativas<\/a>\u00a0\/\u00a0<\/strong><strong style=\"background-color: transparent; color: var( --e-global-color-ab5afe6 ); text-align: var(--text-align);\"><a href=\"https:\/\/drive.google.com\/drive\/folders\/1nHgEesGpuS9hwG0nLwcwYrKJZEJT5r6n?usp=sharing\" target=\"_blank\" rel=\"noopener\">Ponencias<\/a>\u00a0<\/strong><\/li><\/ul>\t\t\t\t\t\t\t\t<\/div>\n\t\t\t\t<\/div>\n\t\t\t\t\t<\/div>\n\t\t\t\t<\/div>\n\t\t<div class=\"elementor-element elementor-element-2132f37 e-flex e-con-boxed e-con e-parent\" data-id=\"2132f37\" data-element_type=\"container\" data-e-type=\"container\">\n\t\t\t\t\t<div class=\"e-con-inner\">\n\t\t\t\t<div class=\"elementor-element elementor-element-fa50e4c elementor-widget elementor-widget-video\" data-id=\"fa50e4c\" data-element_type=\"widget\" data-e-type=\"widget\" data-settings=\"{&quot;youtube_url&quot;:&quot;https:\\\/\\\/youtu.be\\\/vZDmg1bDi1A&quot;,&quot;video_type&quot;:&quot;youtube&quot;,&quot;controls&quot;:&quot;yes&quot;}\" data-widget_type=\"video.default\">\n\t\t\t\t<div class=\"elementor-widget-container\">\n\t\t\t\t\t\t\t<div class=\"elementor-wrapper elementor-open-inline\">\n\t\t\t<div class=\"elementor-video\"><\/div>\t\t<\/div>\n\t\t\t\t\t\t<\/div>\n\t\t\t\t<\/div>\n\t\t\t\t<div class=\"elementor-element elementor-element-5ce99e5 elementor-widget elementor-widget-spacer\" data-id=\"5ce99e5\" data-element_type=\"widget\" data-e-type=\"widget\" data-widget_type=\"spacer.default\">\n\t\t\t\t<div class=\"elementor-widget-container\">\n\t\t\t\t\t\t\t<div class=\"elementor-spacer\">\n\t\t\t<div class=\"elementor-spacer-inner\"><\/div>\n\t\t<\/div>\n\t\t\t\t\t\t<\/div>\n\t\t\t\t<\/div>\n\t\t\t\t\t<\/div>\n\t\t\t\t<\/div>\n\t\t\t\t<\/div>\n\t\t","protected":false},"excerpt":{"rendered":"<p>Recursos Recursos para organizar actividades en el A\u00f1o Internacional de las Cooperativas. Orientaciones La Agenda la construimos entre todos. No viene organizada desde arriba. Es el resultado de la iniciativa aut\u00f3noma y democr\u00e1tica de muchas personas, cooperativas y organizaciones. El siguiente es un documento que orientar\u00e1 sobre actividades e ideas para desarrollar durante el A\u00f1o [&hellip;]<\/p>\n","protected":false},"author":1,"featured_media":0,"parent":0,"menu_order":0,"comment_status":"closed","ping_status":"closed","template":"","meta":{"footnotes":""},"class_list":["post-20","page","type-page","status-publish","hentry"],"acf":[],"_links":{"self":[{"href":"https:\/\/2025.coop.ar\/index.php?rest_route=\/wp\/v2\/pages\/20","targetHints":{"allow":["GET"]}}],"collection":[{"href":"https:\/\/2025.coop.ar\/index.php?rest_route=\/wp\/v2\/pages"}],"about":[{"href":"https:\/\/2025.coop.ar\/index.php?rest_route=\/wp\/v2\/types\/page"}],"author":[{"embeddable":true,"href":"https:\/\/2025.coop.ar\/index.php?rest_route=\/wp\/v2\/users\/1"}],"replies":[{"embeddable":true,"href":"https:\/\/2025.coop.ar\/index.php?rest_route=%2Fwp%2Fv2%2Fcomments&post=20"}],"version-history":[{"count":238,"href":"https:\/\/2025.coop.ar\/index.php?rest_route=\/wp\/v2\/pages\/20\/revisions"}],"predecessor-version":[{"id":1200,"href":"https:\/\/2025.coop.ar\/index.php?rest_route=\/wp\/v2\/pages\/20\/revisions\/1200"}],"wp:attachment":[{"href":"https:\/\/2025.coop.ar\/index.php?rest_route=%2Fwp%2Fv2%2Fmedia&parent=20"}],"curies":[{"name":"wp","href":"https:\/\/api.w.org\/{rel}","templated":true}]}}